{"id":214,"date":"2025-07-08T17:24:55","date_gmt":"2025-07-08T15:24:55","guid":{"rendered":"https:\/\/hlbedition.com\/dev\/?page_id=214"},"modified":"2025-08-26T09:38:01","modified_gmt":"2025-08-26T07:38:01","slug":"notre-histoire","status":"publish","type":"page","link":"https:\/\/hlbedition.com\/dev\/notre-histoire\/","title":{"rendered":"Notre histoire"},"content":{"rendered":"\n<div class=\"wp-block-group alignfull has-global-padding is-layout-constrained wp-block-group-is-layout-constrained\">\n<div class=\"wp-block-columns alignwide is-layout-flex wp-container-core-columns-is-layout-28f84493 wp-block-columns-is-layout-flex\">\n<div class=\"wp-block-column is-layout-flow wp-block-column-is-layout-flow\">\n<figure class=\"wp-block-image size-large\"><img loading=\"lazy\" decoding=\"async\" width=\"768\" height=\"1024\" src=\"https:\/\/hlbedition.com\/dev\/wp-content\/uploads\/2025\/07\/g7582b42f821070b587a05fc58eab066868285e53a38862fa0346cd60c7a7a580dd8cf4e2bbbaf232c24e372fc7e17cce03d54d61077deafea41f32debae9a877_1280-7604978-768x1024.jpg\" alt=\"chair, nature, evening atmosphere, sunset, metal, backlighting, vintage, retro, garden chair\" class=\"wp-image-251\" srcset=\"https:\/\/hlbedition.com\/dev\/wp-content\/uploads\/2025\/07\/g7582b42f821070b587a05fc58eab066868285e53a38862fa0346cd60c7a7a580dd8cf4e2bbbaf232c24e372fc7e17cce03d54d61077deafea41f32debae9a877_1280-7604978-768x1024.jpg 768w, https:\/\/hlbedition.com\/dev\/wp-content\/uploads\/2025\/07\/g7582b42f821070b587a05fc58eab066868285e53a38862fa0346cd60c7a7a580dd8cf4e2bbbaf232c24e372fc7e17cce03d54d61077deafea41f32debae9a877_1280-7604978-600x800.jpg 600w, https:\/\/hlbedition.com\/dev\/wp-content\/uploads\/2025\/07\/g7582b42f821070b587a05fc58eab066868285e53a38862fa0346cd60c7a7a580dd8cf4e2bbbaf232c24e372fc7e17cce03d54d61077deafea41f32debae9a877_1280-7604978-225x300.jpg 225w, https:\/\/hlbedition.com\/dev\/wp-content\/uploads\/2025\/07\/g7582b42f821070b587a05fc58eab066868285e53a38862fa0346cd60c7a7a580dd8cf4e2bbbaf232c24e372fc7e17cce03d54d61077deafea41f32debae9a877_1280-7604978.jpg 960w\" sizes=\"auto, (max-width: 768px) 100vw, 768px\" \/><\/figure>\n<\/div>\n\n\n\n<div class=\"wp-block-column is-layout-flow wp-block-column-is-layout-flow\">\n<p><strong>En quelques lignes, parl\u00e9 un peu de l&rsquo;origine du nom, de son inspiration. On cherche ici \u00e0 humaniser la marque par l&rsquo;\u00e9motion et la confiance.<\/strong><\/p>\n\n\n\n<p> patentes, varia animo tum miscente consilia, tandem id ut optimum factu elegit: et Vrsicinum primum ad se venire summo cum honore mandavit ea specie ut pro rerum tunc urgentium captu disponeretur concordi consilio, quibus virium incrementis Parthicarum gentium a arma minantium impetus frangerentur.<\/p>\n\n\n\n<p>Dein Syria per speciosam interpatet diffusa planitiem. hanc nobilitat Antiochia, mundo cognita civitas, cui non certaverit alia advecticiis ita adfluere copiis et internis, et Laodicia et Apamia itidemque Seleucia iam inde a primis auspiciis florentissimae.<\/p>\n\n\n\n<p>Fieri, inquam, Triari, nullo pacto potest, ut non dicas, quid non probes eius, a quo dissentias. quid enim me prohiberet Epicureum esse, si probarem, quae ille diceret? cum praesertim illa perdiscere ludus esset. Quam ob rem dissentientium inter se reprehensiones non sunt vituperandae, maledicta, contumeliae, tum iracundiae, contentiones concertationesque in disputando pertinaces indignae philosophia mihi videri solent.<\/p>\n\n\n\n<div class=\"wp-block-buttons is-content-justification-center is-layout-flex wp-container-core-buttons-is-layout-a89b3969 wp-block-buttons-is-layout-flex\">\n<div class=\"wp-block-button\"><a class=\"wp-block-button__link wp-element-button\" href=\"https:\/\/hlbedition.com\/dev\/a-propos\/\">&gt; En apprendre plus sur notre savoir-faire<\/a><\/div>\n<\/div>\n<\/div>\n<\/div>\n<\/div>\n","protected":false},"excerpt":{"rendered":"<p>En quelques lignes, parl\u00e9 un peu de l&rsquo;origine du nom, de son inspiration. On cherche ici \u00e0 humaniser la marque par l&rsquo;\u00e9motion et la confiance. patentes, varia animo tum miscente consilia, tandem id ut optimum factu elegit: et Vrsicinum primum ad se venire summo cum honore mandavit ea specie ut pro rerum tunc urgentium captu [&hellip;]<\/p>\n","protected":false},"author":1,"featured_media":0,"parent":0,"menu_order":0,"comment_status":"closed","ping_status":"closed","template":"","meta":{"inline_featured_image":false,"_uag_custom_page_level_css":"","footnotes":""},"class_list":["post-214","page","type-page","status-publish","hentry"],"yoast_head":"<!-- This site is optimized with the Yoast SEO plugin v25.9 - https:\/\/yoast.com\/wordpress\/plugins\/seo\/ -->\n<title>Notre histoire - Marcel &amp; Louis<\/title>\n<meta name=\"robots\" content=\"noindex, follow, max-snippet:-1, max-image-preview:large, max-video-preview:-1\" \/>\n<meta property=\"og:locale\" content=\"fr_FR\" \/>\n<meta property=\"og:type\" content=\"article\" \/>\n<meta property=\"og:title\" content=\"Notre histoire - Marcel &amp; Louis\" \/>\n<meta property=\"og:description\" content=\"En quelques lignes, parl\u00e9 un peu de l&rsquo;origine du nom, de son inspiration. On cherche ici \u00e0 humaniser la marque par l&rsquo;\u00e9motion et la confiance. patentes, varia animo tum miscente consilia, tandem id ut optimum factu elegit: et Vrsicinum primum ad se venire summo cum honore mandavit ea specie ut pro rerum tunc urgentium captu [&hellip;]\" \/>\n<meta property=\"og:url\" content=\"https:\/\/hlbedition.com\/dev\/notre-histoire\/\" \/>\n<meta property=\"og:site_name\" content=\"Marcel &amp; Louis\" \/>\n<meta property=\"article:modified_time\" content=\"2025-08-26T07:38:01+00:00\" \/>\n<meta property=\"og:image\" content=\"https:\/\/hlbedition.com\/dev\/wp-content\/uploads\/2025\/07\/g7582b42f821070b587a05fc58eab066868285e53a38862fa0346cd60c7a7a580dd8cf4e2bbbaf232c24e372fc7e17cce03d54d61077deafea41f32debae9a877_1280-7604978.jpg\" \/>\n\t<meta property=\"og:image:width\" content=\"960\" \/>\n\t<meta property=\"og:image:height\" content=\"1280\" \/>\n\t<meta property=\"og:image:type\" content=\"image\/jpeg\" \/>\n<meta name=\"twitter:card\" content=\"summary_large_image\" \/>\n<meta name=\"twitter:label1\" content=\"Dur\u00e9e de lecture estim\u00e9e\" \/>\n\t<meta name=\"twitter:data1\" content=\"2 minutes\" \/>\n<script type=\"application\/ld+json\" class=\"yoast-schema-graph\">{\"@context\":\"https:\/\/schema.org\",\"@graph\":[{\"@type\":\"WebPage\",\"@id\":\"https:\/\/hlbedition.com\/dev\/notre-histoire\/\",\"url\":\"https:\/\/hlbedition.com\/dev\/notre-histoire\/\",\"name\":\"Notre histoire - Marcel &amp; Louis\",\"isPartOf\":{\"@id\":\"https:\/\/hlbedition.com\/dev\/#website\"},\"primaryImageOfPage\":{\"@id\":\"https:\/\/hlbedition.com\/dev\/notre-histoire\/#primaryimage\"},\"image\":{\"@id\":\"https:\/\/hlbedition.com\/dev\/notre-histoire\/#primaryimage\"},\"thumbnailUrl\":\"https:\/\/hlbedition.com\/dev\/wp-content\/uploads\/2025\/07\/g7582b42f821070b587a05fc58eab066868285e53a38862fa0346cd60c7a7a580dd8cf4e2bbbaf232c24e372fc7e17cce03d54d61077deafea41f32debae9a877_1280-7604978-768x1024.jpg\",\"datePublished\":\"2025-07-08T15:24:55+00:00\",\"dateModified\":\"2025-08-26T07:38:01+00:00\",\"breadcrumb\":{\"@id\":\"https:\/\/hlbedition.com\/dev\/notre-histoire\/#breadcrumb\"},\"inLanguage\":\"fr-FR\",\"potentialAction\":[{\"@type\":\"ReadAction\",\"target\":[\"https:\/\/hlbedition.com\/dev\/notre-histoire\/\"]}]},{\"@type\":\"ImageObject\",\"inLanguage\":\"fr-FR\",\"@id\":\"https:\/\/hlbedition.com\/dev\/notre-histoire\/#primaryimage\",\"url\":\"https:\/\/hlbedition.com\/dev\/wp-content\/uploads\/2025\/07\/g7582b42f821070b587a05fc58eab066868285e53a38862fa0346cd60c7a7a580dd8cf4e2bbbaf232c24e372fc7e17cce03d54d61077deafea41f32debae9a877_1280-7604978.jpg\",\"contentUrl\":\"https:\/\/hlbedition.com\/dev\/wp-content\/uploads\/2025\/07\/g7582b42f821070b587a05fc58eab066868285e53a38862fa0346cd60c7a7a580dd8cf4e2bbbaf232c24e372fc7e17cce03d54d61077deafea41f32debae9a877_1280-7604978.jpg\",\"width\":960,\"height\":1280,\"caption\":\"chair, nature, evening atmosphere, sunset, metal, backlighting, vintage, retro, garden chair\"},{\"@type\":\"BreadcrumbList\",\"@id\":\"https:\/\/hlbedition.com\/dev\/notre-histoire\/#breadcrumb\",\"itemListElement\":[{\"@type\":\"ListItem\",\"position\":1,\"name\":\"Accueil\",\"item\":\"https:\/\/hlbedition.com\/dev\/\"},{\"@type\":\"ListItem\",\"position\":2,\"name\":\"Notre histoire\"}]},{\"@type\":\"WebSite\",\"@id\":\"https:\/\/hlbedition.com\/dev\/#website\",\"url\":\"https:\/\/hlbedition.com\/dev\/\",\"name\":\"Marcel & Louis\",\"description\":\"Concepteur\/Fabricant fran\u00e7ais de mobilier en acier\",\"publisher\":{\"@id\":\"https:\/\/hlbedition.com\/dev\/#organization\"},\"potentialAction\":[{\"@type\":\"SearchAction\",\"target\":{\"@type\":\"EntryPoint\",\"urlTemplate\":\"https:\/\/hlbedition.com\/dev\/?s={search_term_string}\"},\"query-input\":{\"@type\":\"PropertyValueSpecification\",\"valueRequired\":true,\"valueName\":\"search_term_string\"}}],\"inLanguage\":\"fr-FR\"},{\"@type\":\"Organization\",\"@id\":\"https:\/\/hlbedition.com\/dev\/#organization\",\"name\":\"Marcel & Louis\",\"url\":\"https:\/\/hlbedition.com\/dev\/\",\"logo\":{\"@type\":\"ImageObject\",\"inLanguage\":\"fr-FR\",\"@id\":\"https:\/\/hlbedition.com\/dev\/#\/schema\/logo\/image\/\",\"url\":\"https:\/\/hlbedition.com\/dev\/wp-content\/uploads\/2025\/07\/marcellouis-logo-fondnoir.svg\",\"contentUrl\":\"https:\/\/hlbedition.com\/dev\/wp-content\/uploads\/2025\/07\/marcellouis-logo-fondnoir.svg\",\"caption\":\"Marcel & Louis\"},\"image\":{\"@id\":\"https:\/\/hlbedition.com\/dev\/#\/schema\/logo\/image\/\"}}]}<\/script>\n<!-- \/ Yoast SEO plugin. -->","yoast_head_json":{"title":"Notre histoire - Marcel &amp; Louis","robots":{"index":"noindex","follow":"follow","max-snippet":"max-snippet:-1","max-image-preview":"max-image-preview:large","max-video-preview":"max-video-preview:-1"},"og_locale":"fr_FR","og_type":"article","og_title":"Notre histoire - Marcel &amp; Louis","og_description":"En quelques lignes, parl\u00e9 un peu de l&rsquo;origine du nom, de son inspiration. On cherche ici \u00e0 humaniser la marque par l&rsquo;\u00e9motion et la confiance. patentes, varia animo tum miscente consilia, tandem id ut optimum factu elegit: et Vrsicinum primum ad se venire summo cum honore mandavit ea specie ut pro rerum tunc urgentium captu [&hellip;]","og_url":"https:\/\/hlbedition.com\/dev\/notre-histoire\/","og_site_name":"Marcel &amp; Louis","article_modified_time":"2025-08-26T07:38:01+00:00","og_image":[{"width":960,"height":1280,"url":"https:\/\/hlbedition.com\/dev\/wp-content\/uploads\/2025\/07\/g7582b42f821070b587a05fc58eab066868285e53a38862fa0346cd60c7a7a580dd8cf4e2bbbaf232c24e372fc7e17cce03d54d61077deafea41f32debae9a877_1280-7604978.jpg","type":"image\/jpeg"}],"twitter_card":"summary_large_image","twitter_misc":{"Dur\u00e9e de lecture estim\u00e9e":"2 minutes"},"schema":{"@context":"https:\/\/schema.org","@graph":[{"@type":"WebPage","@id":"https:\/\/hlbedition.com\/dev\/notre-histoire\/","url":"https:\/\/hlbedition.com\/dev\/notre-histoire\/","name":"Notre histoire - Marcel &amp; Louis","isPartOf":{"@id":"https:\/\/hlbedition.com\/dev\/#website"},"primaryImageOfPage":{"@id":"https:\/\/hlbedition.com\/dev\/notre-histoire\/#primaryimage"},"image":{"@id":"https:\/\/hlbedition.com\/dev\/notre-histoire\/#primaryimage"},"thumbnailUrl":"https:\/\/hlbedition.com\/dev\/wp-content\/uploads\/2025\/07\/g7582b42f821070b587a05fc58eab066868285e53a38862fa0346cd60c7a7a580dd8cf4e2bbbaf232c24e372fc7e17cce03d54d61077deafea41f32debae9a877_1280-7604978-768x1024.jpg","datePublished":"2025-07-08T15:24:55+00:00","dateModified":"2025-08-26T07:38:01+00:00","breadcrumb":{"@id":"https:\/\/hlbedition.com\/dev\/notre-histoire\/#breadcrumb"},"inLanguage":"fr-FR","potentialAction":[{"@type":"ReadAction","target":["https:\/\/hlbedition.com\/dev\/notre-histoire\/"]}]},{"@type":"ImageObject","inLanguage":"fr-FR","@id":"https:\/\/hlbedition.com\/dev\/notre-histoire\/#primaryimage","url":"https:\/\/hlbedition.com\/dev\/wp-content\/uploads\/2025\/07\/g7582b42f821070b587a05fc58eab066868285e53a38862fa0346cd60c7a7a580dd8cf4e2bbbaf232c24e372fc7e17cce03d54d61077deafea41f32debae9a877_1280-7604978.jpg","contentUrl":"https:\/\/hlbedition.com\/dev\/wp-content\/uploads\/2025\/07\/g7582b42f821070b587a05fc58eab066868285e53a38862fa0346cd60c7a7a580dd8cf4e2bbbaf232c24e372fc7e17cce03d54d61077deafea41f32debae9a877_1280-7604978.jpg","width":960,"height":1280,"caption":"chair, nature, evening atmosphere, sunset, metal, backlighting, vintage, retro, garden chair"},{"@type":"BreadcrumbList","@id":"https:\/\/hlbedition.com\/dev\/notre-histoire\/#breadcrumb","itemListElement":[{"@type":"ListItem","position":1,"name":"Accueil","item":"https:\/\/hlbedition.com\/dev\/"},{"@type":"ListItem","position":2,"name":"Notre histoire"}]},{"@type":"WebSite","@id":"https:\/\/hlbedition.com\/dev\/#website","url":"https:\/\/hlbedition.com\/dev\/","name":"Marcel & Louis","description":"Concepteur\/Fabricant fran\u00e7ais de mobilier en acier","publisher":{"@id":"https:\/\/hlbedition.com\/dev\/#organization"},"potentialAction":[{"@type":"SearchAction","target":{"@type":"EntryPoint","urlTemplate":"https:\/\/hlbedition.com\/dev\/?s={search_term_string}"},"query-input":{"@type":"PropertyValueSpecification","valueRequired":true,"valueName":"search_term_string"}}],"inLanguage":"fr-FR"},{"@type":"Organization","@id":"https:\/\/hlbedition.com\/dev\/#organization","name":"Marcel & Louis","url":"https:\/\/hlbedition.com\/dev\/","logo":{"@type":"ImageObject","inLanguage":"fr-FR","@id":"https:\/\/hlbedition.com\/dev\/#\/schema\/logo\/image\/","url":"https:\/\/hlbedition.com\/dev\/wp-content\/uploads\/2025\/07\/marcellouis-logo-fondnoir.svg","contentUrl":"https:\/\/hlbedition.com\/dev\/wp-content\/uploads\/2025\/07\/marcellouis-logo-fondnoir.svg","caption":"Marcel & Louis"},"image":{"@id":"https:\/\/hlbedition.com\/dev\/#\/schema\/logo\/image\/"}}]}},"uagb_featured_image_src":{"full":false,"thumbnail":false,"medium":false,"medium_large":false,"large":false,"1536x1536":false,"2048x2048":false,"woocommerce_thumbnail":false,"woocommerce_single":false,"woocommerce_gallery_thumbnail":false,"variation_swatches_image_size":false,"variation_swatches_tooltip_size":false},"uagb_author_info":{"display_name":"marcellouis","author_link":"https:\/\/hlbedition.com\/dev\/author\/marcellouis\/"},"uagb_comment_info":0,"uagb_excerpt":"En quelques lignes, parl\u00e9 un peu de l&rsquo;origine du nom, de son inspiration. On cherche ici \u00e0 humaniser la marque par l&rsquo;\u00e9motion et la confiance. patentes, varia animo tum miscente consilia, tandem id ut optimum factu elegit: et Vrsicinum primum ad se venire summo cum honore mandavit ea specie ut pro rerum tunc urgentium captu\u2026","_links":{"self":[{"href":"https:\/\/hlbedition.com\/dev\/wp-json\/wp\/v2\/pages\/214","targetHints":{"allow":["GET"]}}],"collection":[{"href":"https:\/\/hlbedition.com\/dev\/wp-json\/wp\/v2\/pages"}],"about":[{"href":"https:\/\/hlbedition.com\/dev\/wp-json\/wp\/v2\/types\/page"}],"author":[{"embeddable":true,"href":"https:\/\/hlbedition.com\/dev\/wp-json\/wp\/v2\/users\/1"}],"replies":[{"embeddable":true,"href":"https:\/\/hlbedition.com\/dev\/wp-json\/wp\/v2\/comments?post=214"}],"version-history":[{"count":7,"href":"https:\/\/hlbedition.com\/dev\/wp-json\/wp\/v2\/pages\/214\/revisions"}],"predecessor-version":[{"id":483,"href":"https:\/\/hlbedition.com\/dev\/wp-json\/wp\/v2\/pages\/214\/revisions\/483"}],"wp:attachment":[{"href":"https:\/\/hlbedition.com\/dev\/wp-json\/wp\/v2\/media?parent=214"}],"curies":[{"name":"wp","href":"https:\/\/api.w.org\/{rel}","templated":true}]}}